{"id":105,"date":"2015-07-25T21:29:12","date_gmt":"2015-07-25T21:29:12","guid":{"rendered":"http:\/\/www.cbcbulgaria.com\/?page_id=105"},"modified":"2019-06-07T12:20:54","modified_gmt":"2019-06-07T12:20:54","slug":"autokinito-me-boulgarikes-pinakides","status":"publish","type":"page","link":"https:\/\/www.cbcbulgaria.com\/tr\/autokinito-me-boulgarikes-pinakides\/","title":{"rendered":"BULGAR Plakalar\u0131 ile ARABA"},"content":{"rendered":"<p><img loading=\"lazy\" decoding=\"async\" class=\"alignnone wp-image-342 size-full\" src=\"\/wp-content\/uploads\/2019\/06\/car.jpg\" alt=\"\" width=\"878\" height=\"332\" srcset=\"https:\/\/www.cbcbulgaria.com\/wp-content\/uploads\/2019\/06\/car.jpg 878w, https:\/\/www.cbcbulgaria.com\/wp-content\/uploads\/2019\/06\/car-300x113.jpg 300w, https:\/\/www.cbcbulgaria.com\/wp-content\/uploads\/2019\/06\/car-768x290.jpg 768w, https:\/\/www.cbcbulgaria.com\/wp-content\/uploads\/2019\/06\/car-150x57.jpg 150w\" sizes=\"auto, (max-width: 878px) 100vw, 878px\" \/><\/p>\n<p>Son zamanlarda, s\u0131k s\u0131k Bulgar i\u015faretli araba ele ge\u00e7irme olaylar\u0131n\u0131 duyuyoruz. M\u00fc\u015fterilerimizin g\u00fcmr\u00fck muayenesinde tam olarak kay\u0131tl\u0131 olduklar\u0131ndan ve ara\u00e7lar\u0131n\u0131 kaybetme riski ta\u015f\u0131mad\u0131klar\u0131ndan emin olmak isteriz.<\/p>\n<p>Bir bireyin Bulgar i\u015faretli bir arabas\u0131 olmas\u0131 i\u00e7in, o da Bulgaristan&#8217;da ikamet etmelidir (ve bunu ispatlayan ilgili belgelerden anla\u015f\u0131l\u0131r),<\/p>\n<p>Ya Bulgaristan merkezli bir \u015firketi korumakta ve ayn\u0131 zamanda bir \u015firketin sabit k\u0131ymeti olarak arac\u0131 bulundurmaktad\u0131r. Bu ara\u00e7, Genel Kurul \u00f6zel karar\u0131na veya \u015firketin Y\u00f6netim Kurulu karar\u0131na dahil olanlar taraf\u0131ndan kullan\u0131labilir (yay\u0131nlanmas\u0131 zorunludur).<\/p>\n<p><strong>A\u015fa\u011f\u0131dakileri akl\u0131n\u0131zda tutmal\u0131s\u0131n\u0131z:<\/strong><\/p>\n<p>Bulgar \u015firketinizden bir araba sat\u0131n almay\u0131 hakl\u0131 \u00e7\u0131karmak i\u00e7in, bu \u015firketin var olmas\u0131 gereken bir sebep olmal\u0131 (Yunanistan&#8217;da bir kuaf\u00f6r\u00fcn\u00fcz varsa bir Bulgar \u015firketi yapamazs\u0131n\u0131z) ve araba al\u0131m\u0131n\u0131n \u00e7al\u0131\u015fma kapsam\u0131 ile do\u011frulanmas\u0131 gerekir. \u015firketin. \u015eirket operasyonel olmal\u0131 ve ara\u00e7 al\u0131m\u0131ndan en az 3-4 ay \u00f6nce ger\u00e7ek bir ciro yapmal\u0131d\u0131r.<\/p>\n<p>Yunanistan&#8217;da Bulgar plakal\u0131 bir arabaya sahip olmak i\u00e7in, muayene s\u0131ras\u0131nda g\u00f6sterilmek \u00fczere \u015fahsen veya kesin olarak (Yunancaya \u00e7evrilmi\u015f ve resmi olarak do\u011frulanm\u0131\u015f) bir dizi belgeye sahip olmas\u0131 gerekir.<\/p>\n<p><strong>\u015eirketimiz ihtiya\u00e7 duyduklar\u0131 t\u00fcm yasal i\u015flemleri yapabilir ve yasal olarak ve d\u00fcnyada herhangi bir sorun ya\u015famadan Bulgar i\u015faretli bir araba sat\u0131n almak, transfer etmek ve s\u00fcrmek i\u00e7in gerekli t\u00fcm belgeleri haz\u0131rlar.<\/strong><\/p>\n<p><strong>Bu hizmeti yaln\u0131zca ofis m\u00fc\u015fterilerimize sunuyoruz, kendimize de\u011fil, Bulgaristan&#8217;da ba\u015fka biri taraf\u0131ndan y\u00f6netilen bir \u015firketiniz varsa, i\u015flerinizi y\u00f6netmek i\u00e7in bize g\u00fcvenmelisiniz, b\u00f6ylece otomobilin konusuna da hizmet edebiliriz.<\/strong><\/p>\n<p>Bulgar i\u015faretli bir araca sahip olman\u0131n avantajlar\u0131 \u00e7oktur. Her \u015feyden \u00f6nce kay\u0131t yok.<\/p>\n<p>\u00d6rne\u011fin, bir Alman ikinci el araba sat\u0131n almak i\u00e7in, 2007 y\u0131l\u0131nda 2000 metrek\u00fcp dizel, yakla\u015f\u0131k 5000 \u20ac gerekir. Y\u0131ll\u0131k bak\u0131m maliyeti (servis ve olas\u0131 onar\u0131mlar hari\u00e7):<\/p>\n<p>1. Yakla\u015f\u0131k 100 \u20ac &#8216;luk y\u0131ll\u0131k sigorta ve yakla\u015f\u0131k 250-300 \u20ac&#8217; luk br\u00fct sigorta<\/p>\n<p>2. Araba vergisi &#8211; yakla\u015f\u0131k 100-120 \u20ac<\/p>\n<p>3. Y\u0131ll\u0131k trafik kart\u0131 (\u00fccretli) &#8211; 35 \u20ac<\/p>\n<p>4. Y\u0131ll\u0131k KTEO &#8211; yakla\u015f\u0131k 25 \u20ac<\/p>\n<p><strong>TOPLAM: yakla\u015f\u0131k 280 \u20ac<\/strong><\/p>\n<p>\u00a0<\/p>\n\n\n<br><div class=\"cta\"><div class=\"ctaone\"><span class=\"white\">Daha fazla bilgi i\u00e7in l\u00fctfen bize sorular\u0131n\u0131z\u0131 g\u00f6nderin, en k\u0131sa zamanda sizinle ileti\u015fim kuraca\u011f\u0131z.<\/span><\/div><div class=\"ctatwo\"><div class=\"wp-block-button\"><a class=\"wp-block-button__link\" href=\"\/tr\/contact\/\">ileti\u015fim<\/a><\/div><\/div><\/div>\n","protected":false},"excerpt":{"rendered":"<p>Son zamanlarda, s\u0131k s\u0131k Bulgar i\u015faretli araba ele ge\u00e7irme olaylar\u0131n\u0131 duyuyoruz. M\u00fc\u015fterilerimizin g\u00fcmr\u00fck muayenesinde tam olarak kay\u0131tl\u0131 olduklar\u0131ndan ve ara\u00e7lar\u0131n\u0131 kaybetme riski ta\u015f\u0131mad\u0131klar\u0131ndan emin olmak isteriz. Bir bireyin Bulgar i\u015faretli bir arabas\u0131 olmas\u0131 i\u00e7in, o da Bulgaristan&#8217;da ikamet etmelidir (ve bunu ispatlayan ilgili belgelerden anla\u015f\u0131l\u0131r), Ya Bulgaristan merkezli bir \u015firketi\u2026<\/p>\n<p> <a class=\"continue-reading-link\" href=\"https:\/\/www.cbcbulgaria.com\/tr\/autokinito-me-boulgarikes-pinakides\/\"><span>Continue reading<\/span><i class=\"crycon-right-dir\"><\/i><\/a> <\/p>\n","protected":false},"author":1,"featured_media":0,"parent":0,"menu_order":0,"comment_status":"closed","ping_status":"closed","template":"","meta":{"footnotes":""},"class_list":["post-105","page","type-page","status-publish","hentry"],"translation":{"provider":"WPGlobus","version":"3.0.2","language":"tr","enabled_languages":["el","en","tr","bg"],"languages":{"el":{"title":true,"content":true,"excerpt":false},"en":{"title":true,"content":true,"excerpt":false},"tr":{"title":true,"content":true,"excerpt":false},"bg":{"title":false,"content":false,"excerpt":false}}},"yoast_head":"<!-- This site is optimized with the Yoast SEO plugin v27.3 - https:\/\/yoast.com\/product\/yoast-seo-wordpress\/ -->\n<title>BULGAR Plakalar\u0131 ile ARABA - CBC Bulgaria<\/title>\n<meta name=\"robots\" content=\"index, follow, max-snippet:-1, max-image-preview:large, max-video-preview:-1\" \/>\n<link rel=\"canonical\" href=\"https:\/\/www.cbcbulgaria.com\/autokinito-me-boulgarikes-pinakides\/\" \/>\n<meta property=\"og:locale\" content=\"tr_TR\" \/>\n<meta property=\"og:type\" content=\"article\" \/>\n<meta property=\"og:title\" content=\"BULGAR Plakalar\u0131 ile ARABA - CBC Bulgaria\" \/>\n<meta property=\"og:url\" content=\"https:\/\/www.cbcbulgaria.com\/autokinito-me-boulgarikes-pinakides\/\" \/>\n<meta property=\"og:site_name\" content=\"CBC Bulgaria\" \/>\n<meta property=\"article:modified_time\" content=\"2019-06-07T12:20:54+00:00\" \/>\n<meta name=\"twitter:card\" content=\"summary_large_image\" \/>\n<meta name=\"twitter:label1\" content=\"Est. reading time\" \/>\n\t<meta name=\"twitter:data1\" content=\"4 minutes\" \/>\n<script type=\"application\/ld+json\" class=\"yoast-schema-graph\">{\"@context\":\"https:\\\/\\\/schema.org\",\"@graph\":[{\"@type\":\"WebPage\",\"@id\":\"https:\\\/\\\/www.cbcbulgaria.com\\\/autokinito-me-boulgarikes-pinakides\\\/\",\"url\":\"https:\\\/\\\/www.cbcbulgaria.com\\\/autokinito-me-boulgarikes-pinakides\\\/\",\"name\":\"BULGAR Plakalar\u0131 ile ARABA - CBC Bulgaria\",\"isPartOf\":{\"@id\":\"https:\\\/\\\/www.cbcbulgaria.com\\\/#website\"},\"datePublished\":\"2015-07-25T21:29:12+00:00\",\"dateModified\":\"2019-06-07T12:20:54+00:00\",\"breadcrumb\":{\"@id\":\"https:\\\/\\\/www.cbcbulgaria.com\\\/autokinito-me-boulgarikes-pinakides\\\/#breadcrumb\"},\"inLanguage\":\"tr-TR\",\"potentialAction\":[{\"@type\":\"ReadAction\",\"target\":[\"https:\\\/\\\/www.cbcbulgaria.com\\\/autokinito-me-boulgarikes-pinakides\\\/\"]}]},{\"@type\":\"BreadcrumbList\",\"@id\":\"https:\\\/\\\/www.cbcbulgaria.com\\\/autokinito-me-boulgarikes-pinakides\\\/#breadcrumb\",\"itemListElement\":[{\"@type\":\"ListItem\",\"position\":1,\"name\":\"Home\",\"item\":\"https:\\\/\\\/www.cbcbulgaria.com\\\/en\\\/\"},{\"@type\":\"ListItem\",\"position\":2,\"name\":\"\u0391\u03a5\u03a4\u039f\u039a\u0399\u039d\u0397\u03a4\u039f \u039c\u0395 \u0392\u039f\u03a5\u039b\u0393\u0391\u03a1\u0399\u039a\u0395\u03a3 \u03a0\u0399\u039d\u0391\u039a\u0399\u0394\u0395\u03a3\"}]},{\"@type\":\"WebSite\",\"@id\":\"https:\\\/\\\/www.cbcbulgaria.com\\\/#website\",\"url\":\"https:\\\/\\\/www.cbcbulgaria.com\\\/\",\"name\":\"CBC Bulgaria\",\"description\":\"\u038a\u03b4\u03c1\u03c5\u03c3\u03b7 \u03b5\u03c4\u03b1\u03b9\u03c1\u03b5\u03af\u03b1\u03c2 \u03c3\u03c4\u03b7 \u0392\u03bf\u03c5\u03bb\u03b3\u03b1\u03c1\u03af\u03b1\",\"potentialAction\":[{\"@type\":\"SearchAction\",\"target\":{\"@type\":\"EntryPoint\",\"urlTemplate\":\"https:\\\/\\\/www.cbcbulgaria.com\\\/?s={search_term_string}\"},\"query-input\":{\"@type\":\"PropertyValueSpecification\",\"valueRequired\":true,\"valueName\":\"search_term_string\"}}],\"inLanguage\":\"tr-TR\"}]}<\/script>\n<!-- \/ Yoast SEO plugin. -->","yoast_head_json":{"title":"BULGAR Plakalar\u0131 ile ARABA - CBC Bulgaria","robots":{"index":"index","follow":"follow","max-snippet":"max-snippet:-1","max-image-preview":"max-image-preview:large","max-video-preview":"max-video-preview:-1"},"canonical":"https:\/\/www.cbcbulgaria.com\/autokinito-me-boulgarikes-pinakides\/","og_locale":"tr_TR","og_type":"article","og_title":"BULGAR Plakalar\u0131 ile ARABA - CBC Bulgaria","og_url":"https:\/\/www.cbcbulgaria.com\/autokinito-me-boulgarikes-pinakides\/","og_site_name":"CBC Bulgaria","article_modified_time":"2019-06-07T12:20:54+00:00","twitter_card":"summary_large_image","twitter_misc":{"Est. reading time":"4 minutes"},"schema":{"@context":"https:\/\/schema.org","@graph":[{"@type":"WebPage","@id":"https:\/\/www.cbcbulgaria.com\/autokinito-me-boulgarikes-pinakides\/","url":"https:\/\/www.cbcbulgaria.com\/autokinito-me-boulgarikes-pinakides\/","name":"BULGAR Plakalar\u0131 ile ARABA - CBC Bulgaria","isPartOf":{"@id":"https:\/\/www.cbcbulgaria.com\/#website"},"datePublished":"2015-07-25T21:29:12+00:00","dateModified":"2019-06-07T12:20:54+00:00","breadcrumb":{"@id":"https:\/\/www.cbcbulgaria.com\/autokinito-me-boulgarikes-pinakides\/#breadcrumb"},"inLanguage":"tr-TR","potentialAction":[{"@type":"ReadAction","target":["https:\/\/www.cbcbulgaria.com\/autokinito-me-boulgarikes-pinakides\/"]}]},{"@type":"BreadcrumbList","@id":"https:\/\/www.cbcbulgaria.com\/autokinito-me-boulgarikes-pinakides\/#breadcrumb","itemListElement":[{"@type":"ListItem","position":1,"name":"Home","item":"https:\/\/www.cbcbulgaria.com\/en\/"},{"@type":"ListItem","position":2,"name":"\u0391\u03a5\u03a4\u039f\u039a\u0399\u039d\u0397\u03a4\u039f \u039c\u0395 \u0392\u039f\u03a5\u039b\u0393\u0391\u03a1\u0399\u039a\u0395\u03a3 \u03a0\u0399\u039d\u0391\u039a\u0399\u0394\u0395\u03a3"}]},{"@type":"WebSite","@id":"https:\/\/www.cbcbulgaria.com\/#website","url":"https:\/\/www.cbcbulgaria.com\/","name":"CBC Bulgaria","description":"\u038a\u03b4\u03c1\u03c5\u03c3\u03b7 \u03b5\u03c4\u03b1\u03b9\u03c1\u03b5\u03af\u03b1\u03c2 \u03c3\u03c4\u03b7 \u0392\u03bf\u03c5\u03bb\u03b3\u03b1\u03c1\u03af\u03b1","potentialAction":[{"@type":"SearchAction","target":{"@type":"EntryPoint","urlTemplate":"https:\/\/www.cbcbulgaria.com\/?s={search_term_string}"},"query-input":{"@type":"PropertyValueSpecification","valueRequired":true,"valueName":"search_term_string"}}],"inLanguage":"tr-TR"}]}},"_links":{"self":[{"href":"https:\/\/www.cbcbulgaria.com\/tr\/wp-json\/wp\/v2\/pages\/105","targetHints":{"allow":["GET"]}}],"collection":[{"href":"https:\/\/www.cbcbulgaria.com\/tr\/wp-json\/wp\/v2\/pages"}],"about":[{"href":"https:\/\/www.cbcbulgaria.com\/tr\/wp-json\/wp\/v2\/types\/page"}],"author":[{"embeddable":true,"href":"https:\/\/www.cbcbulgaria.com\/tr\/wp-json\/wp\/v2\/users\/1"}],"replies":[{"embeddable":true,"href":"https:\/\/www.cbcbulgaria.com\/tr\/wp-json\/wp\/v2\/comments?post=105"}],"version-history":[{"count":25,"href":"https:\/\/www.cbcbulgaria.com\/tr\/wp-json\/wp\/v2\/pages\/105\/revisions"}],"predecessor-version":[{"id":719,"href":"https:\/\/www.cbcbulgaria.com\/tr\/wp-json\/wp\/v2\/pages\/105\/revisions\/719"}],"wp:attachment":[{"href":"https:\/\/www.cbcbulgaria.com\/tr\/wp-json\/wp\/v2\/media?parent=105"}],"curies":[{"name":"wp","href":"https:\/\/api.w.org\/{rel}","templated":true}]}}